{"id":781,"date":"2019-11-19T17:37:39","date_gmt":"2019-11-19T17:37:39","guid":{"rendered":"https:\/\/santacruz.ces.uc.pt\/?page_id=781"},"modified":"2020-01-21T18:00:50","modified_gmt":"2020-01-21T18:00:50","slug":"fotografias-antigas","status":"publish","type":"page","link":"https:\/\/santacruz.ces.uc.pt\/?page_id=781","title":{"rendered":"Fotografias Antigas \/ Old Photographs"},"content":{"rendered":"<div class=\"rl-gallery-container rl-loading\" id=\"rl-gallery-container-1\" data-gallery_id=\"876\"> <div class=\"rl-gallery rl-basicmasonry-gallery \" id=\"rl-gallery-1\" data-gallery_no=\"1\"> <div class=\"rl-gutter-sizer\"><\/div><div class=\"rl-grid-sizer\"><\/div> <div class=\"rl-gallery-item rl-gallery-item-width-4\" > <div class=\"rl-gallery-item-content\"> <a href=\"https:\/\/santacruz.ces.uc.pt\/wp-content\/uploads\/2020\/01\/FA-01-v3.png\" title=\"Eug\u00e8ne Lef\u00e8vre, Igreja de Santa Cruz anterior ao aterro parcial do Largo de Sans\u00e3o, 1856 (Cole\u00e7\u00e3o particular, recorte)\" data-rl_title=\"Eug\u00e8ne Lef\u00e8vre, Igreja de Santa Cruz anterior ao aterro parcial do Largo de Sans\u00e3o, 1856 (Cole\u00e7\u00e3o particular, recorte)\" class=\"rl-gallery-link\" data-rl_caption=\"\" data-rel=\"lightbox-gallery-1\"><img fetchpriority=\"high\" decoding=\"async\" src=\"https:\/\/santacruz.ces.uc.pt\/wp-content\/uploads\/2020\/01\/FA-01-v3.png\" width=\"650\" height=\"910\" alt=\"\"\/><\/a> <\/div> <\/div> <div class=\"rl-gallery-item\" > <div class=\"rl-gallery-item-content\"> <a href=\"https:\/\/santacruz.ces.uc.pt\/wp-content\/uploads\/2020\/01\/FA-02-v4.png\" title=\"Joaquim Possid\u00f3nio da Silva, Igreja de Santa Cruz, 1861 (Cole\u00e7\u00e3o Alexandre Ramires)\" data-rl_title=\"Joaquim Possid\u00f3nio da Silva, Igreja de Santa Cruz, 1861 (Cole\u00e7\u00e3o Alexandre Ramires)\" class=\"rl-gallery-link\" data-rl_caption=\"\" data-rel=\"lightbox-gallery-1\"><img decoding=\"async\" src=\"https:\/\/santacruz.ces.uc.pt\/wp-content\/uploads\/2020\/01\/FA-02-v4.png\" width=\"768\" height=\"549\" alt=\"\"\/><\/a> <\/div> <\/div> <div class=\"rl-gallery-item\" > <div class=\"rl-gallery-item-content\"> <a href=\"https:\/\/santacruz.ces.uc.pt\/wp-content\/uploads\/2020\/01\/FA-03-v3-copy.jpg\" title=\"Jean Laurent, Igreja de Santa Cruz, 1869 (Cole\u00e7\u00e3o Alexandre Ramires)\" data-rl_title=\"Jean Laurent, Igreja de Santa Cruz, 1869 (Cole\u00e7\u00e3o Alexandre Ramires)\" class=\"rl-gallery-link\" data-rl_caption=\"\" data-rel=\"lightbox-gallery-1\"><img decoding=\"async\" src=\"https:\/\/santacruz.ces.uc.pt\/wp-content\/uploads\/2020\/01\/FA-03-v3-copy.jpg\" width=\"650\" height=\"900\" alt=\"\"\/><\/a> <\/div> <\/div> <div class=\"rl-gallery-item\" > <div class=\"rl-gallery-item-content\"> <a href=\"https:\/\/santacruz.ces.uc.pt\/wp-content\/uploads\/2020\/01\/FA-04-v4-b.png\" title=\"Levy &#038; Cie., Igreja de Santa Cruz \u2013 nave, 1875 (Cole\u00e7\u00e3o Alexandre Ramires, recorte)\" data-rl_title=\"Levy &#038; Cie., Igreja de Santa Cruz \u2013 nave, 1875 (Cole\u00e7\u00e3o Alexandre Ramires, recorte)\" class=\"rl-gallery-link\" data-rl_caption=\"\" data-rel=\"lightbox-gallery-1\"><img loading=\"lazy\" decoding=\"async\" src=\"https:\/\/santacruz.ces.uc.pt\/wp-content\/uploads\/2020\/01\/FA-04-v4-b.png\" width=\"768\" height=\"537\" alt=\"\"\/><\/a> <\/div> <\/div> <div class=\"rl-gallery-item\" > <div class=\"rl-gallery-item-content\"> <a href=\"https:\/\/santacruz.ces.uc.pt\/wp-content\/uploads\/2020\/01\/FA-05-v4.png\" title=\"Fot\u00f3grafo n\u00e3o identificado, Torre dos sinos de Santa Cruz, c.1915 (Cole\u00e7\u00e3o Alexandre Ramires, recorte)\" data-rl_title=\"Fot\u00f3grafo n\u00e3o identificado, Torre dos sinos de Santa Cruz, c.1915 (Cole\u00e7\u00e3o Alexandre Ramires, recorte)\" class=\"rl-gallery-link\" data-rl_caption=\"\" data-rel=\"lightbox-gallery-1\"><img loading=\"lazy\" decoding=\"async\" src=\"https:\/\/santacruz.ces.uc.pt\/wp-content\/uploads\/2020\/01\/FA-05-v4.png\" width=\"650\" height=\"910\" alt=\"\"\/><\/a> <\/div> <\/div> <div class=\"rl-gallery-item\" > <div class=\"rl-gallery-item-content\"> <a href=\"https:\/\/santacruz.ces.uc.pt\/wp-content\/uploads\/2020\/01\/FA-06-v3.png\" title=\"Jos\u00e9 Sartoris, Associa\u00e7\u00e3o dos Artistas de Coimbra, 1892 (Cole\u00e7\u00e3o Alexandre Ramires, recorte)\" data-rl_title=\"Jos\u00e9 Sartoris, Associa\u00e7\u00e3o dos Artistas de Coimbra, 1892 (Cole\u00e7\u00e3o Alexandre Ramires, recorte)\" class=\"rl-gallery-link\" data-rl_caption=\"\" data-rel=\"lightbox-gallery-1\"><img loading=\"lazy\" decoding=\"async\" src=\"https:\/\/santacruz.ces.uc.pt\/wp-content\/uploads\/2020\/01\/FA-06-v3.png\" width=\"768\" height=\"549\" alt=\"\"\/><\/a> <\/div> <\/div> <div class=\"rl-gallery-item\" > <div class=\"rl-gallery-item-content\"> <a href=\"https:\/\/santacruz.ces.uc.pt\/wp-content\/uploads\/2020\/01\/FA-7_1-v3.png\" title=\"Fot\u00f3grafo desconhecido, Corredor do dormit\u00f3rio, in\u00edcio do s\u00e9culo XX (DGEMN, recorte)\" data-rl_title=\"Fot\u00f3grafo desconhecido, Corredor do dormit\u00f3rio, in\u00edcio do s\u00e9culo XX (DGEMN, recorte)\" class=\"rl-gallery-link\" data-rl_caption=\"\" data-rel=\"lightbox-gallery-1\"><img loading=\"lazy\" decoding=\"async\" src=\"https:\/\/santacruz.ces.uc.pt\/wp-content\/uploads\/2020\/01\/FA-7_1-v3.png\" width=\"650\" height=\"910\" alt=\"\"\/><\/a> <\/div> <\/div> <div class=\"rl-gallery-item\" > <div class=\"rl-gallery-item-content\"> <a href=\"https:\/\/santacruz.ces.uc.pt\/wp-content\/uploads\/2020\/01\/FA-08-v3.png\" title=\"Joaquim Possid\u00f3nio da Silva, Claustro do Sil\u00eancio e torre dos sinos, c.1861 (Cole\u00e7\u00e3o Alexandre Ramires)\" data-rl_title=\"Joaquim Possid\u00f3nio da Silva, Claustro do Sil\u00eancio e torre dos sinos, c.1861 (Cole\u00e7\u00e3o Alexandre Ramires)\" class=\"rl-gallery-link\" data-rl_caption=\"\" data-rel=\"lightbox-gallery-1\"><img loading=\"lazy\" decoding=\"async\" src=\"https:\/\/santacruz.ces.uc.pt\/wp-content\/uploads\/2020\/01\/FA-08-v3.png\" width=\"768\" height=\"549\" alt=\"\"\/><\/a> <\/div> <\/div> <div class=\"rl-gallery-item\" > <div class=\"rl-gallery-item-content\"> <a href=\"https:\/\/santacruz.ces.uc.pt\/wp-content\/uploads\/2020\/01\/FA-09-v3-copy.jpg\" title=\"Jos\u00e9 Sartoris, Claustro da Manga e torre dos sinos, c.1880 (Cole\u00e7\u00e3o Alexandre Ramires)\" data-rl_title=\"Jos\u00e9 Sartoris, Claustro da Manga e torre dos sinos, c.1880 (Cole\u00e7\u00e3o Alexandre Ramires)\" class=\"rl-gallery-link\" data-rl_caption=\"\" data-rel=\"lightbox-gallery-1\"><img loading=\"lazy\" decoding=\"async\" src=\"https:\/\/santacruz.ces.uc.pt\/wp-content\/uploads\/2020\/01\/FA-09-v3-copy.jpg\" width=\"768\" height=\"549\" alt=\"\"\/><\/a> <\/div> <\/div> <div class=\"rl-gallery-item\" > <div class=\"rl-gallery-item-content\"> <a href=\"https:\/\/santacruz.ces.uc.pt\/wp-content\/uploads\/2020\/01\/FA-10-v4.png\" title=\"Ant\u00f3nio da Concei\u00e7\u00e3o Mattos, Vista para Montarroio, c.1875 (cole\u00e7\u00e3o particular, recorte)\" data-rl_title=\"Ant\u00f3nio da Concei\u00e7\u00e3o Mattos, Vista para Montarroio, c.1875 (cole\u00e7\u00e3o particular, recorte)\" class=\"rl-gallery-link\" data-rl_caption=\"\" data-rel=\"lightbox-gallery-1\"><img loading=\"lazy\" decoding=\"async\" src=\"https:\/\/santacruz.ces.uc.pt\/wp-content\/uploads\/2020\/01\/FA-10-v4.png\" width=\"768\" height=\"549\" alt=\"\"\/><\/a> <\/div> <\/div> <\/div> <h4 class=\"rl-gallery-title\">Fotografias Antigas<\/h4> <\/div>\n","protected":false},"excerpt":{"rendered":"","protected":false},"author":1,"featured_media":0,"parent":0,"menu_order":0,"comment_status":"closed","ping_status":"closed","template":"page-templates\/template_fullwidth.php","meta":{"footnotes":""},"_links":{"self":[{"href":"https:\/\/santacruz.ces.uc.pt\/index.php?rest_route=\/wp\/v2\/pages\/781"}],"collection":[{"href":"https:\/\/santacruz.ces.uc.pt\/index.php?rest_route=\/wp\/v2\/pages"}],"about":[{"href":"https:\/\/santacruz.ces.uc.pt\/index.php?rest_route=\/wp\/v2\/types\/page"}],"author":[{"embeddable":true,"href":"https:\/\/santacruz.ces.uc.pt\/index.php?rest_route=\/wp\/v2\/users\/1"}],"replies":[{"embeddable":true,"href":"https:\/\/santacruz.ces.uc.pt\/index.php?rest_route=%2Fwp%2Fv2%2Fcomments&post=781"}],"version-history":[{"count":8,"href":"https:\/\/santacruz.ces.uc.pt\/index.php?rest_route=\/wp\/v2\/pages\/781\/revisions"}],"predecessor-version":[{"id":879,"href":"https:\/\/santacruz.ces.uc.pt\/index.php?rest_route=\/wp\/v2\/pages\/781\/revisions\/879"}],"wp:attachment":[{"href":"https:\/\/santacruz.ces.uc.pt\/index.php?rest_route=%2Fwp%2Fv2%2Fmedia&parent=781"}],"curies":[{"name":"wp","href":"https:\/\/api.w.org\/{rel}","templated":true}]}}