{"id":64,"date":"2019-02-14T16:02:58","date_gmt":"2019-02-14T16:02:58","guid":{"rendered":"https:\/\/santacruz.ces.uc.pt\/?page_id=64"},"modified":"2024-07-11T09:35:23","modified_gmt":"2024-07-11T09:35:23","slug":"exposicoes-eventos","status":"publish","type":"page","link":"https:\/\/santacruz.ces.uc.pt\/?page_id=64","title":{"rendered":"EXPOSI\u00c7\u00d5ES \/ EVENTOS"},"content":{"rendered":"\t\t<div data-elementor-type=\"wp-post\" data-elementor-id=\"64\" class=\"elementor elementor-64\">\n\t\t\t\t\t\t<section class=\"elementor-section elementor-top-section elementor-element elementor-element-b592c8e elementor-section-content-middle elementor-section-boxed elementor-section-height-default elementor-section-height-default\" data-id=\"b592c8e\" data-element_type=\"section\">\n\t\t\t\t\t\t<div class=\"elementor-container elementor-column-gap-no\">\n\t\t\t\t\t<div class=\"elementor-column elementor-col-50 elementor-top-column elementor-element elementor-element-683566d\" data-id=\"683566d\" data-element_type=\"column\">\n\t\t\t<div class=\"elementor-widget-wrap elementor-element-populated\">\n\t\t\t\t\t\t<div class=\"elementor-element elementor-element-229ec5d elementor-widget elementor-widget-image\" data-id=\"229ec5d\" data-element_type=\"widget\" data-widget_type=\"image.default\">\n\t\t\t\t<div class=\"elementor-widget-container\">\n\t\t\t\t\t\t\t\t\t\t\t\t\t<img fetchpriority=\"high\" decoding=\"async\" width=\"693\" height=\"960\" src=\"https:\/\/santacruz.ces.uc.pt\/wp-content\/uploads\/2020\/02\/POSTER-EXPO-DFSFA.png\" class=\"attachment-full size-full wp-image-1191\" alt=\"\" \/>\t\t\t\t\t\t\t\t\t\t\t\t\t<\/div>\n\t\t\t\t<\/div>\n\t\t\t\t\t<\/div>\n\t\t<\/div>\n\t\t\t\t<div class=\"elementor-column elementor-col-50 elementor-top-column elementor-element elementor-element-2a80b88\" data-id=\"2a80b88\" data-element_type=\"column\">\n\t\t\t<div class=\"elementor-widget-wrap elementor-element-populated\">\n\t\t\t\t\t\t<div class=\"elementor-element elementor-element-e16f652 elementor-widget elementor-widget-heading\" data-id=\"e16f652\" data-element_type=\"widget\" data-widget_type=\"heading.default\">\n\t\t\t\t<div class=\"elementor-widget-container\">\n\t\t\t<h2 class=\"elementor-heading-title elementor-size-default\">De Fern\u00e3o se fez Ant\u00f3nio\nExposi\u00e7\u00e3o Jubilar dos M\u00e1rtires de Marrocos e de Santo Ant\u00f3nio<\/h2>\t\t<\/div>\n\t\t\t\t<\/div>\n\t\t\t\t<div class=\"elementor-element elementor-element-7a6aefe elementor-widget elementor-widget-heading\" data-id=\"7a6aefe\" data-element_type=\"widget\" data-widget_type=\"heading.default\">\n\t\t\t\t<div class=\"elementor-widget-container\">\n\t\t\t<h2 class=\"elementor-heading-title elementor-size-default\">2 DE FEVEREIRO DE 2020 \u2013 17 DE JANEIRO DE 2021, MOSTEIRO DE SANTA CRUZ (CLAUSTRO DO SIL\u00caNCIO, 1\u00ba ANDAR)<\/h2>\t\t<\/div>\n\t\t\t\t<\/div>\n\t\t\t\t<div class=\"elementor-element elementor-element-fdfb0c6 elementor-widget elementor-widget-text-editor\" data-id=\"fdfb0c6\" data-element_type=\"widget\" data-widget_type=\"text-editor.default\">\n\t\t\t\t<div class=\"elementor-widget-container\">\n\t\t\t\t\t\t\t<p>(Colabora\u00e7\u00e3o do Projeto SANTACRUZ com o Jubileu dos M\u00e1rtires de Marrocos e de Santo Ant\u00f3nio, com o Minist\u00e9rio da Cultura, com a DGPC, com o MNMC e com o MNAA)<\/p><p>A exposi\u00e7\u00e3o, com a curadoria de Virg\u00ednia Gomes, conservadora do MNMC, apresenta um conjunto de pe\u00e7as not\u00e1veis de escultura, pintura e outras, pertencentes a esp\u00f3lios portugueses, que versam sobre a tem\u00e1tica dos cinco franciscanos \u201cM\u00e1rtires de Marrocos\u201d e da influ\u00eancia do seu exemplo sobre o jovem c\u00f3nego regrante Fern\u00e3o de Bulh\u00f5es, que logo passaria \u00e0 Ordem de S. Francisco, mudando o seu nome para \u201cAnt\u00f3nio\u201d, procurando missionar no norte de \u00c1frica, mas acabando por aportar a terras italianas. A exposi\u00e7\u00e3o celebra o Jubileu dos 800 anos dos M\u00e1rtires de Marrocos e de Santo Ant\u00f3nio (1220-2020).<\/p>\t\t\t\t\t\t<\/div>\n\t\t\t\t<\/div>\n\t\t\t\t<div class=\"elementor-element elementor-element-db5d3d4 elementor-widget elementor-widget-text-editor\" data-id=\"db5d3d4\" data-element_type=\"widget\" data-widget_type=\"text-editor.default\">\n\t\t\t\t<div class=\"elementor-widget-container\">\n\t\t\t\t\t\t\t<p><a href=\"https:\/\/santacruz.ces.uc.pt\/?page_id=1265\">FOTOGRAFIAS EVENTO<\/a><\/p>\t\t\t\t\t\t<\/div>\n\t\t\t\t<\/div>\n\t\t\t\t\t<\/div>\n\t\t<\/div>\n\t\t\t\t\t<\/div>\n\t\t<\/section>\n\t\t\t\t<section class=\"elementor-section elementor-top-section elementor-element elementor-element-9357347 elementor-section-boxed elementor-section-height-default elementor-section-height-default\" data-id=\"9357347\" data-element_type=\"section\">\n\t\t\t\t\t\t<div class=\"elementor-container elementor-column-gap-default\">\n\t\t\t\t\t<div class=\"elementor-column elementor-col-100 elementor-top-column elementor-element elementor-element-5f49fb0\" data-id=\"5f49fb0\" data-element_type=\"column\">\n\t\t\t<div class=\"elementor-widget-wrap elementor-element-populated\">\n\t\t\t\t\t\t<div class=\"elementor-element elementor-element-8ec9402 elementor-widget-divider--view-line elementor-widget elementor-widget-divider\" data-id=\"8ec9402\" data-element_type=\"widget\" data-widget_type=\"divider.default\">\n\t\t\t\t<div class=\"elementor-widget-container\">\n\t\t\t\t\t<div class=\"elementor-divider\">\n\t\t\t<span class=\"elementor-divider-separator\">\n\t\t\t\t\t\t<\/span>\n\t\t<\/div>\n\t\t\t\t<\/div>\n\t\t\t\t<\/div>\n\t\t\t\t\t<\/div>\n\t\t<\/div>\n\t\t\t\t\t<\/div>\n\t\t<\/section>\n\t\t\t\t<section class=\"elementor-section elementor-top-section elementor-element elementor-element-5c18fe7 elementor-section-content-middle elementor-section-boxed elementor-section-height-default elementor-section-height-default\" data-id=\"5c18fe7\" data-element_type=\"section\">\n\t\t\t\t\t\t<div class=\"elementor-container elementor-column-gap-no\">\n\t\t\t\t\t<div class=\"elementor-column elementor-col-50 elementor-top-column elementor-element elementor-element-5033e3a\" data-id=\"5033e3a\" data-element_type=\"column\">\n\t\t\t<div class=\"elementor-widget-wrap elementor-element-populated\">\n\t\t\t\t\t\t<div class=\"elementor-element elementor-element-1c92694 elementor-widget elementor-widget-image\" data-id=\"1c92694\" data-element_type=\"widget\" data-widget_type=\"image.default\">\n\t\t\t\t<div class=\"elementor-widget-container\">\n\t\t\t\t\t\t\t\t\t\t\t\t\t<img decoding=\"async\" width=\"351\" height=\"299\" src=\"https:\/\/santacruz.ces.uc.pt\/wp-content\/uploads\/2019\/10\/Noite-Investigadores2019.png\" class=\"attachment-full size-full wp-image-713\" alt=\"\" \/>\t\t\t\t\t\t\t\t\t\t\t\t\t<\/div>\n\t\t\t\t<\/div>\n\t\t\t\t\t<\/div>\n\t\t<\/div>\n\t\t\t\t<div class=\"elementor-column elementor-col-50 elementor-top-column elementor-element elementor-element-ff928e0\" data-id=\"ff928e0\" data-element_type=\"column\">\n\t\t\t<div class=\"elementor-widget-wrap elementor-element-populated\">\n\t\t\t\t\t\t<div class=\"elementor-element elementor-element-3ca6e96 elementor-widget elementor-widget-heading\" data-id=\"3ca6e96\" data-element_type=\"widget\" data-widget_type=\"heading.default\">\n\t\t\t\t<div class=\"elementor-widget-container\">\n\t\t\t<h2 class=\"elementor-heading-title elementor-size-default\">A Realidade Virtual e o Patrim\u00f3nio Arquitet\u00f3nico Desaparecido - Noite Europeia dos Investigadores<\/h2>\t\t<\/div>\n\t\t\t\t<\/div>\n\t\t\t\t<div class=\"elementor-element elementor-element-346ccea elementor-widget elementor-widget-heading\" data-id=\"346ccea\" data-element_type=\"widget\" data-widget_type=\"heading.default\">\n\t\t\t\t<div class=\"elementor-widget-container\">\n\t\t\t<h2 class=\"elementor-heading-title elementor-size-default\">27 de Setembro de 2019, Museu da Ci\u00eancia da Universidade de Coimbra<\/h2>\t\t<\/div>\n\t\t\t\t<\/div>\n\t\t\t\t<div class=\"elementor-element elementor-element-48f5ce6 elementor-widget elementor-widget-text-editor\" data-id=\"48f5ce6\" data-element_type=\"widget\" data-widget_type=\"text-editor.default\">\n\t\t\t\t<div class=\"elementor-widget-container\">\n\t\t\t\t\t\t\t<p>As novas tecnologias de representa\u00e7\u00e3o permitem-nos viajar no espa\u00e7o e no tempo at\u00e9 cen\u00e1rios desaparecidos da hist\u00f3ria da Arquitetura. Os \u00f3culos de Realidade Virtual, assim como as proje\u00e7\u00f5es panor\u00e2micas, s\u00e3o algumas das ferramentas de divulga\u00e7\u00e3o para as quais o Projeto Santa Cruz desenvolve conte\u00fados experimentais.\u00a0<\/p>\t\t\t\t\t\t<\/div>\n\t\t\t\t<\/div>\n\t\t\t\t<div class=\"elementor-element elementor-element-1ce2d94 elementor-widget elementor-widget-text-editor\" data-id=\"1ce2d94\" data-element_type=\"widget\" data-widget_type=\"text-editor.default\">\n\t\t\t\t<div class=\"elementor-widget-container\">\n\t\t\t\t\t\t\t<p><a href=\"https:\/\/santacruz.ces.uc.pt\/?page_id=1140\">FOTOGRAFIAS EVENTO<\/a><\/p>\t\t\t\t\t\t<\/div>\n\t\t\t\t<\/div>\n\t\t\t\t\t<\/div>\n\t\t<\/div>\n\t\t\t\t\t<\/div>\n\t\t<\/section>\n\t\t\t\t<section class=\"elementor-section elementor-top-section elementor-element elementor-element-105e6e2 elementor-section-boxed elementor-section-height-default elementor-section-height-default\" data-id=\"105e6e2\" data-element_type=\"section\">\n\t\t\t\t\t\t<div class=\"elementor-container elementor-column-gap-default\">\n\t\t\t\t\t<div class=\"elementor-column elementor-col-100 elementor-top-column elementor-element elementor-element-11bcffc\" data-id=\"11bcffc\" data-element_type=\"column\">\n\t\t\t<div class=\"elementor-widget-wrap elementor-element-populated\">\n\t\t\t\t\t\t<div class=\"elementor-element elementor-element-07e1a5a elementor-widget-divider--view-line elementor-widget elementor-widget-divider\" data-id=\"07e1a5a\" data-element_type=\"widget\" data-widget_type=\"divider.default\">\n\t\t\t\t<div class=\"elementor-widget-container\">\n\t\t\t\t\t<div class=\"elementor-divider\">\n\t\t\t<span class=\"elementor-divider-separator\">\n\t\t\t\t\t\t<\/span>\n\t\t<\/div>\n\t\t\t\t<\/div>\n\t\t\t\t<\/div>\n\t\t\t\t\t<\/div>\n\t\t<\/div>\n\t\t\t\t\t<\/div>\n\t\t<\/section>\n\t\t\t\t<section class=\"elementor-section elementor-top-section elementor-element elementor-element-e766ce0 elementor-section-content-middle elementor-section-boxed elementor-section-height-default elementor-section-height-default\" data-id=\"e766ce0\" data-element_type=\"section\">\n\t\t\t\t\t\t<div class=\"elementor-container elementor-column-gap-no\">\n\t\t\t\t\t<div class=\"elementor-column elementor-col-50 elementor-top-column elementor-element elementor-element-b8fbcd7\" data-id=\"b8fbcd7\" data-element_type=\"column\">\n\t\t\t<div class=\"elementor-widget-wrap elementor-element-populated\">\n\t\t\t\t\t\t<div class=\"elementor-element elementor-element-5b9c99a elementor-widget elementor-widget-image\" data-id=\"5b9c99a\" data-element_type=\"widget\" data-widget_type=\"image.default\">\n\t\t\t\t<div class=\"elementor-widget-container\">\n\t\t\t\t\t\t\t\t\t\t\t\t\t<img decoding=\"async\" width=\"1080\" height=\"1526\" src=\"https:\/\/santacruz.ces.uc.pt\/wp-content\/uploads\/2019\/05\/Poster-conferencia-A2-01.png\" class=\"attachment-full size-full wp-image-455\" alt=\"\" \/>\t\t\t\t\t\t\t\t\t\t\t\t\t<\/div>\n\t\t\t\t<\/div>\n\t\t\t\t\t<\/div>\n\t\t<\/div>\n\t\t\t\t<div class=\"elementor-column elementor-col-50 elementor-top-column elementor-element elementor-element-604139a\" data-id=\"604139a\" data-element_type=\"column\">\n\t\t\t<div class=\"elementor-widget-wrap elementor-element-populated\">\n\t\t\t\t\t\t<div class=\"elementor-element elementor-element-d76a6c7 elementor-widget elementor-widget-heading\" data-id=\"d76a6c7\" data-element_type=\"widget\" data-widget_type=\"heading.default\">\n\t\t\t\t<div class=\"elementor-widget-container\">\n\t\t\t<h2 class=\"elementor-heading-title elementor-size-default\">Col\u00f3quio Internacional sobre Reconstitui\u00e7\u00f5es 3D de Patrim\u00f3nio Arquitet\u00f3nico Desaparecido<\/h2>\t\t<\/div>\n\t\t\t\t<\/div>\n\t\t\t\t<div class=\"elementor-element elementor-element-d89745b elementor-widget elementor-widget-heading\" data-id=\"d89745b\" data-element_type=\"widget\" data-widget_type=\"heading.default\">\n\t\t\t\t<div class=\"elementor-widget-container\">\n\t\t\t<h2 class=\"elementor-heading-title elementor-size-default\">3 de Abril de 2019, Capela do DArq<\/h2>\t\t<\/div>\n\t\t\t\t<\/div>\n\t\t\t\t<div class=\"elementor-element elementor-element-f8ec2d4 elementor-widget elementor-widget-text-editor\" data-id=\"f8ec2d4\" data-element_type=\"widget\" data-widget_type=\"text-editor.default\">\n\t\t\t\t<div class=\"elementor-widget-container\">\n\t\t\t\t\t\t\t<p>O Col\u00f3quio internacional pretende divulgar e p\u00f4r em confronto investiga\u00e7\u00f5es recentes sobre patrim\u00f3nio arquitet\u00f3nico, arqueol\u00f3gico e urbano desaparecido que informaram reconstitui\u00e7\u00f5es tridimensionais desse mesmo patrim\u00f3nio, em desenho manual rigoroso ou usando j\u00e1 as novas tecnologias computorizadas.<\/p>\n<p>Pretende-se discutir os melhores caminhos para garantir o rigor hist\u00f3rico das reconstitui\u00e7\u00f5es e debater as t\u00e9cnicas e os meios para garantir a elevada fidediginidade das imagens produzidas, a serem retransmitidas pelos mais diversos meios de divulga\u00e7\u00e3o. Participam arque\u00f3logos, historiadores de arte, arquitetos, inform\u00e1ticos e especialistas em divulga\u00e7\u00e3o e multim\u00e9dia. &nbsp;<\/p>\t\t\t\t\t\t<\/div>\n\t\t\t\t<\/div>\n\t\t\t\t<div class=\"elementor-element elementor-element-3d91373 elementor-widget elementor-widget-text-editor\" data-id=\"3d91373\" data-element_type=\"widget\" data-widget_type=\"text-editor.default\">\n\t\t\t\t<div class=\"elementor-widget-container\">\n\t\t\t\t\t\t\t<p><a href=\"https:\/\/santacruz.ces.uc.pt\/?page_id=1144\">FOTOGRAFIAS EVENTO<\/a><\/p>\t\t\t\t\t\t<\/div>\n\t\t\t\t<\/div>\n\t\t\t\t\t<\/div>\n\t\t<\/div>\n\t\t\t\t\t<\/div>\n\t\t<\/section>\n\t\t\t\t<section class=\"elementor-section elementor-top-section elementor-element elementor-element-c268008 elementor-section-boxed elementor-section-height-default elementor-section-height-default\" data-id=\"c268008\" data-element_type=\"section\">\n\t\t\t\t\t\t<div class=\"elementor-container elementor-column-gap-default\">\n\t\t\t\t\t<div class=\"elementor-column elementor-col-100 elementor-top-column elementor-element elementor-element-3576dd3\" data-id=\"3576dd3\" data-element_type=\"column\">\n\t\t\t<div class=\"elementor-widget-wrap elementor-element-populated\">\n\t\t\t\t\t\t<div class=\"elementor-element elementor-element-c6bb441 elementor-widget-divider--view-line elementor-widget elementor-widget-divider\" data-id=\"c6bb441\" data-element_type=\"widget\" data-widget_type=\"divider.default\">\n\t\t\t\t<div class=\"elementor-widget-container\">\n\t\t\t\t\t<div class=\"elementor-divider\">\n\t\t\t<span class=\"elementor-divider-separator\">\n\t\t\t\t\t\t<\/span>\n\t\t<\/div>\n\t\t\t\t<\/div>\n\t\t\t\t<\/div>\n\t\t\t\t\t<\/div>\n\t\t<\/div>\n\t\t\t\t\t<\/div>\n\t\t<\/section>\n\t\t\t\t<section class=\"elementor-section elementor-top-section elementor-element elementor-element-4302fa4 elementor-section-content-middle elementor-section-boxed elementor-section-height-default elementor-section-height-default\" data-id=\"4302fa4\" data-element_type=\"section\">\n\t\t\t\t\t\t<div class=\"elementor-container elementor-column-gap-no\">\n\t\t\t\t\t<div class=\"elementor-column elementor-col-50 elementor-top-column elementor-element elementor-element-b1859ad\" data-id=\"b1859ad\" data-element_type=\"column\">\n\t\t\t<div class=\"elementor-widget-wrap elementor-element-populated\">\n\t\t\t\t\t\t<div class=\"elementor-element elementor-element-8d38690 elementor-widget elementor-widget-image\" data-id=\"8d38690\" data-element_type=\"widget\" data-widget_type=\"image.default\">\n\t\t\t\t<div class=\"elementor-widget-container\">\n\t\t\t\t\t\t\t\t\t\t\t\t\t<img loading=\"lazy\" decoding=\"async\" width=\"1080\" height=\"1527\" src=\"https:\/\/santacruz.ces.uc.pt\/wp-content\/uploads\/2019\/05\/Poster-Instala\u00e7\u00e3o-A2-01-01-01.png\" class=\"attachment-full size-full wp-image-457\" alt=\"\" \/>\t\t\t\t\t\t\t\t\t\t\t\t\t<\/div>\n\t\t\t\t<\/div>\n\t\t\t\t\t<\/div>\n\t\t<\/div>\n\t\t\t\t<div class=\"elementor-column elementor-col-50 elementor-top-column elementor-element elementor-element-0454cd2\" data-id=\"0454cd2\" data-element_type=\"column\">\n\t\t\t<div class=\"elementor-widget-wrap elementor-element-populated\">\n\t\t\t\t\t\t<div class=\"elementor-element elementor-element-fbf478f elementor-widget elementor-widget-heading\" data-id=\"fbf478f\" data-element_type=\"widget\" data-widget_type=\"heading.default\">\n\t\t\t\t<div class=\"elementor-widget-container\">\n\t\t\t<h2 class=\"elementor-heading-title elementor-size-default\">Exposi\u00e7\u00e3o Art\u00edstica Mixed Reality<\/h2>\t\t<\/div>\n\t\t\t\t<\/div>\n\t\t\t\t<div class=\"elementor-element elementor-element-6766159 elementor-widget elementor-widget-heading\" data-id=\"6766159\" data-element_type=\"widget\" data-widget_type=\"heading.default\">\n\t\t\t\t<div class=\"elementor-widget-container\">\n\t\t\t<h2 class=\"elementor-heading-title elementor-size-default\">2 - 12 de Abril de 2019, Capela do DArq<\/h2>\t\t<\/div>\n\t\t\t\t<\/div>\n\t\t\t\t<div class=\"elementor-element elementor-element-f7cff2a elementor-widget elementor-widget-text-editor\" data-id=\"f7cff2a\" data-element_type=\"widget\" data-widget_type=\"text-editor.default\">\n\t\t\t\t<div class=\"elementor-widget-container\">\n\t\t\t\t\t\t\t<p>Para a 21\u00aa Semana Cultural da Universidade de Coimbra ensaiamos colocar algumas figuras do conjunto escult\u00f3rico da &#8220;\u00daltima Ceia&#8221; de Hodart (1530-34), actualmente no Museu Nacional de Machado de Castro, na capela do Departamento de Arquitetura, antiga capela do noviciado dos Jesu\u00edtas.<\/p><p>As figuras foram modeladas automaticamente, e corrigidas com recurso a Intelig\u00eancia Artificial, a partir de levantamentos de nuvem de pontos realizadas sobre as pe\u00e7as escult\u00f3ricas originais. Este exerc\u00edcio pretende ser um primeiro ensaio para a devolu\u00e7\u00e3o virtual da &#8220;\u00daltima Ceia&#8221; \u00e0 sua disposi\u00e7\u00e3o original: um espa\u00e7o sobrelevado (hoje inexistente) aberto na parede do topo nascente do refeit\u00f3rio do Mosteiro de Santa Cruz.\u00a0<\/p><p><strong>Inaugura\u00e7\u00e3o: segunda-feira, 1 de Abril, Capela do DArq, 17H00<\/strong><\/p>\t\t\t\t\t\t<\/div>\n\t\t\t\t<\/div>\n\t\t\t\t<div class=\"elementor-element elementor-element-e10bf06 elementor-widget elementor-widget-text-editor\" data-id=\"e10bf06\" data-element_type=\"widget\" data-widget_type=\"text-editor.default\">\n\t\t\t\t<div class=\"elementor-widget-container\">\n\t\t\t\t\t\t\t<p><a href=\"https:\/\/santacruz.ces.uc.pt\/?page_id=1142\">FOTOGRAFIAS EVENTO<\/a><\/p>\t\t\t\t\t\t<\/div>\n\t\t\t\t<\/div>\n\t\t\t\t\t<\/div>\n\t\t<\/div>\n\t\t\t\t\t<\/div>\n\t\t<\/section>\n\t\t\t\t<\/div>\n\t\t","protected":false},"excerpt":{"rendered":"<p>De Fern\u00e3o se fez Ant\u00f3nio Exposi\u00e7\u00e3o Jubilar dos M\u00e1rtires de Marrocos e de Santo Ant\u00f3nio 2 DE FEVEREIRO DE 2020 [&hellip;]<\/p>\n","protected":false},"author":1,"featured_media":0,"parent":0,"menu_order":0,"comment_status":"closed","ping_status":"closed","template":"page-templates\/template_fullwidth.php","meta":{"footnotes":""},"_links":{"self":[{"href":"https:\/\/santacruz.ces.uc.pt\/index.php?rest_route=\/wp\/v2\/pages\/64"}],"collection":[{"href":"https:\/\/santacruz.ces.uc.pt\/index.php?rest_route=\/wp\/v2\/pages"}],"about":[{"href":"https:\/\/santacruz.ces.uc.pt\/index.php?rest_route=\/wp\/v2\/types\/page"}],"author":[{"embeddable":true,"href":"https:\/\/santacruz.ces.uc.pt\/index.php?rest_route=\/wp\/v2\/users\/1"}],"replies":[{"embeddable":true,"href":"https:\/\/santacruz.ces.uc.pt\/index.php?rest_route=%2Fwp%2Fv2%2Fcomments&post=64"}],"version-history":[{"count":33,"href":"https:\/\/santacruz.ces.uc.pt\/index.php?rest_route=\/wp\/v2\/pages\/64\/revisions"}],"predecessor-version":[{"id":1765,"href":"https:\/\/santacruz.ces.uc.pt\/index.php?rest_route=\/wp\/v2\/pages\/64\/revisions\/1765"}],"wp:attachment":[{"href":"https:\/\/santacruz.ces.uc.pt\/index.php?rest_route=%2Fwp%2Fv2%2Fmedia&parent=64"}],"curies":[{"name":"wp","href":"https:\/\/api.w.org\/{rel}","templated":true}]}}