{"id":523,"date":"2019-06-06T23:23:03","date_gmt":"2019-06-06T23:23:03","guid":{"rendered":"https:\/\/santacruz.ces.uc.pt\/?page_id=523"},"modified":"2022-09-01T21:49:43","modified_gmt":"2022-09-01T21:49:43","slug":"comunicacoes-2","status":"publish","type":"page","link":"https:\/\/santacruz.ces.uc.pt\/?page_id=523","title":{"rendered":"COMUNICA\u00c7\u00d5ES"},"content":{"rendered":"\r\n<h1 class=\"wp-block-heading\">COMUNICA\u00c7\u00d5ES<\/h1>\r\n<h5>Comunica\u00e7\u00f5es em congressos internacionais e nacionais realizadas por elementos da equipa no \u00e2mbito do projeto:<\/h5>\r\n<p>&nbsp;<\/p>\r\n\r\n\r\n\r\n<p><strong>Rui Lobo, Mauro Costa Couceiro,<\/strong> \u201cMixing realities to awaken the future: visiting the Monastery of Santa Cruz of Coimbra in 1834\u201d, <em>(In)Tangible Hertage(s). A Conference on design, culture and technology \u2013 past, present and future<\/em>, AMPS &amp; Universidade de Kent, Canterbury, 15.06.2022.<\/p>\r\n<p><strong>Mauro Costa Couceiro,<\/strong> \u201cBeyond the digital twin of a monastery (multiple dimensions of the Santa Cruz research project)\u201d, <em>2nd Building Digital Twin International Congress<\/em>, Barcelona, 26.05.2022.<\/p>\r\n<p><strong>Rui Lobo,<\/strong> \u201cReconstitui\u00e7\u00e3o 3D do Mosteiro de Santa Cruz em 1834. Um projeto para o futuro\u201d, <em>Ciclo de confer\u00eancias Lojas do Saber<\/em>, Coimbra, Explorat\u00f3rio Ci\u00eancia Viva, 10.12.2021.<\/p>\r\n<p><b>Mauro Costa Couceiro, Brimet Fernandes da Silva,<\/b> \u201cMixing realities to envision learning (r)evolutions. Software, Hardware, and Humanware\u201d, <i>BIODIG 2020 4th International Conference for Biodigital Architecture &amp; Genetics<\/i>, Barcelona, 04.06.2020.<\/p>\r\n\r\n\r\n\r\n<p><b>Rui Lobo, Joana Capela de Campos, V\u00edtor Murtinho<\/b>, \u201cLa Clasificaci\u00f3n de la Universidad de Co\u00edmbra como Patrimonio Mundial UNESCO: Balance y Perspectivas\u201d, <i>Primera Jornada Iberoamericana de Universidades en Centros Hist\u00f3ricos Patrimoniales, <\/i>Benemerita Universidad Autonoma de Puebla, Puebla (M\u00e9xico), 08.11.2019.<\/p>\r\n\r\n\r\n\r\n<p><strong>Mauro Costa Couceiro, Rui Lobo and Ant\u00f3nio Monteiro<\/strong>, \u201cInsertion and encircling: two complementary immersive strategies for Mixed-Reality applied to cultural heritage\u201d, <em>ECAADE-SIGRADI Conference<\/em>, Porto, FAUP, 12.09.2019.<\/p>\r\n\r\n\r\n\r\n\r\n\r\n<p><strong>Rui Lobo,<\/strong>\u00a0\u201cFrom Sculpture to Architecture: Jehan de Rouen at the Monastery of Santa Cruz of Coimbra (ca. 1530-1534)\u201d, Colloque International\u00a0<em>Jehan de Rouen, architecte et sculpteur europ\u00e9en \u00e0 la Renaissance<\/em>, Rouen, France, 28.06.2019.\u00a0<\/p>\r\n<p><strong>Maria de Lurdes Craveiro<\/strong>, \u201cJean de Rouen architect. The dome as reason and science in devotional construction\u201d, Colloque International, <em>Jehan de Rouen architecte et sculpteur europ\u00e9en \u00e0 la Renaissance<\/em>, Rouen, France, 28.06.2019.<\/p>\r\n\r\n\r\n\r\n\r\n\r\n<p><strong>Alexandre Ramires,<\/strong> \u201cOs Fot\u00f3grafos da Batalha\u201d, Confer\u00eancia <em>Monumentos Fotogr\u00e1ficos. A constru\u00e7\u00e3o visual do patrim\u00f3nio no s\u00e9c. XIX, <\/em>Leiria, Museu da Imagem e do Movimento, 16.06.2019.<\/p>\r\n\r\n\r\n\r\n<p><strong>Mauro Costa Couceiro, Rui Lobo and Ant\u00f3nio Monteiro<\/strong>, &#8220;Mixed Reality and Lost Heritage: Reconstituting the Monastery of Santa Cruz of Coimbra through VR-AR Convergence&#8221;, <em>Virtually Real, 7th ECAADE Regional International Symposium<\/em>, Aalborg, Denmark, 03.05.2019.<\/p>\r\n\r\n\r\n\r\n<p><strong>Rui Lobo, Mauro Costa Couceiro, Ant\u00f3nio Monteiro, Miguel Alberto<\/strong>, \u201cO Mosteiro de Santa Cruz de Coimbra em 1834\u201d, <em>Col\u00f3quio internacional sobre reconstitui\u00e7\u00f5es 3D de patrim\u00f3nio arquitet\u00f3nico desaparecido \/ Caminhos Futuros do Patrim\u00f3nio Desaparecido<\/em>, 21\u00aa Semana Cultural da UC, Capela do Darq, 03.04.2019.<\/p>\r\n\r\n\r\n\r\n<p><strong>Alexandre Ramires,<\/strong> \u201cPercursos paralelos, ci\u00eancia, fotografia e hist\u00f3ria do conhecimento\u201d, <em>Ciclo<\/em> <em>Ci\u00eancia \u00e0s Seis, <\/em>R\u00f3mulo &#8211; Centro de Ci\u00eancia Viva UC, Coimbra, 13.02.2019.<\/p>\r\n\r\n\r\n\r\n<p><strong>Mauro Costa Couceiro,<\/strong> \u201cModelos disruptivos en Arquitectura\u201d, Confer\u00eancias <em>Arquitectura Avanzada &amp; Design, <\/em>Congresso REBUILD, Barcelona, 28.09.2018.<\/p>\r\n<p class=\"p1\"><span class=\"s1\"><b>Margarida Relv\u00e3o Calmeiro<\/b>,\u00a0&#8220;From boundary to new centrality. The transformation of the Santa Cruz Monastery to accommodate the new facilities of the liberal State during the 19th century&#8221;,\u00a0<em>EAUH 2018,\u00a014th Conference on Urban History &#8211; Urban renewal and resilience. Cities in comparative perspective (Session M05 &#8211; Transforming Cities, Negotiating Spaces and Powers: Markets and Civic Buildings in Europe, the Middle-East and North-Africa XIIIth c.\/XIXth c.)<\/em>, Roma, 01.09.2018.<\/span><\/p>\r\n\r\n\r\n\r\n<p><strong>Rui Lobo<\/strong>, \u201cAs ab\u00f3badas de caixot\u00f5es na arquitetura portuguesa do s\u00e9culo XVI e o contributo de Jo\u00e3o de Ru\u00e3o\u201d, Congresso <em>A Europa (quase) toda em Coimbra. Regra e hibridismo na produ\u00e7\u00e3o escult\u00f3rica de Jo\u00e3o de Ru\u00e3o<\/em>, Museu Nacional de Machado de Castro, 27.04.2018.<\/p>\r\n<p>&nbsp;<\/p>\r\n<h1 class=\"p1\"><span class=\"s1\">APRESENTA\u00c7\u00d5ES<\/span><\/h1>\r\n<h5 class=\"p2\"><span class=\"s1\">Apresenta\u00e7\u00f5es realizadas por elementos da equipa no \u00e2mbito do projeto:<\/span><\/h5>\r\n<p>&nbsp;<\/p>\r\n<p class=\"p4\"><span class=\"s1\"><b>Carlos Antunes, Lu\u00eds Miguel Correia<\/b>, <b>Jo\u00e3o Mendes Ribeiro, Rui Lobo<\/b>, Apresenta\u00e7\u00e3o \u201cProjetos para o Mosteiro \u2013 lan\u00e7amento do cat\u00e1logo\u201d, Coimbra, Sala do Cap\u00edtulo do Mosteiro de Santa Cruz, 16.04.2022.<\/span><\/p>\r\n<p class=\"p4\"><span class=\"s1\"><b>Maria de Lurdes Craveiro, Pe. Pedro Santos, Francisco Henriques, Rui Lobo, Mauro Costa Couceiro<\/b>, Apresenta\u00e7\u00e3o \u201c\u00daltima Ceia de Hodart. Recria\u00e7\u00e3o 3D in situ\u201d, Coimbra, Sala do Cap\u00edtulo do Mosteiro de Santa Cruz, 14.04.2022.<\/span><\/p>\r\n<p class=\"p4\"><span class=\"s1\"><b>Rui Lobo<\/b>, Apresenta\u00e7\u00e3o \u201cProjeto Santa Cruz\u201d, Ciclo Com outros Olhos &#8211; uma nova vis\u00e3o da Lisboa Joanina (1707-1750), coordenado pela investigadora Giuseppina Raggi, Lisboa, Pal\u00e1cio Pimenta\/Galv\u00e3o-Mexia, 12.04.2022.<\/span><\/p>\r\n<p class=\"p4\"><span class=\"s1\"><b>Rui Lobo, Mauro Costa Couceiro, Margarida Relv\u00e3o, Jorge Cardoso, Jos\u00e9 Pedro Sousa, Ant\u00f3nio Monteiro<\/b>, Apresenta\u00e7\u00e3o \u201cModelo 3D do Mosteiro. Santa Cruz em 1834\u201d, Coimbra, Sala do Cap\u00edtulo do Mosteiro de Santa Cruz, 09.04.2022.<\/span><\/p>\r\n<p class=\"p4\"><span class=\"s1\"><b>Rui Lobo, Mauro Costa Couceiro, Maria de Lurdes Craveiro, Alexandre Ramires, Miguel Alberto<\/b>, Apresenta\u00e7\u00e3o \u201cModelo 3D do Mosteiro. Santa Cruz em 1834\u201d, Coimbra, Sala do Cap\u00edtulo do Mosteiro de Santa Cruz, 12.02.2022.<\/span><\/p>\r\n<p class=\"p4\"><span class=\"s1\"><b>Jos\u00e9 Manuel Silva, Gon\u00e7alo Byrne, Lu\u00eds Miguel Correia<\/b>, <b>Jo\u00e3o Mendes Ribeiro, Rui Lobo<\/b> e alunos finalistas do DARQ-FCTUC, Apresenta\u00e7\u00e3o \u201cProjetos para o Mosteiro \u2013 propostas em debate\u201d, Coimbra, Sala do Cap\u00edtulo do Mosteiro de Santa Cruz, 05.02.2022.<\/span><\/p>\r\n<p class=\"p4\"><span class=\"s1\"><b>Ana Alcoforado, V\u00edtor Murtinho, Rui Lobo, Mauro Costa Couceiro<\/b>, Apresenta\u00e7\u00e3o \u201c\u00daltima Ceia de Hodart. Recria\u00e7\u00e3o 3D in situ\u201d, Coimbra, Sala do Cap\u00edtulo do Mosteiro de Santa Cruz, 03.02.2022.<\/span><\/p>\r\n<p class=\"p4\"><span class=\"s1\"><b>Rui Lobo, Mauro Costa Couceiro<\/b>, \u201cReconstitui\u00e7\u00e3o digital 3D do Mosteiro de Santa Cruz de Coimbra em 1834\u201d, Oficina Ci\u00eancia in Loco \u2013 Programa Ci\u00eancia Viva no CES, Escola Secund\u00e1ria Vale das Flores (Coimbra), 27.05.2021.<\/span><\/p>\r\n<p class=\"p5\"><span class=\"s1\"><b>Rui Lobo, Mauro Costa Couceiro<\/b>, \u201cUma viagem no espa\u00e7o-tempo ao antigo Mosteiro de Santa Cruz de Coimbra \/ A space-time travel through the Monastery of Santa Cruz of Coimbra\u201d, Encontro Ci\u00eancia 2020, Lisboa, 04.11.2020. <\/span><span class=\"s2\"><a href=\"https:\/\/www.encontrociencia.pt\/2020\/?accao=demonstracoes\" target=\"_blank\" rel=\"noopener\">link<\/a><\/span><span class=\"s2\"> \/\u00a0<a href=\"https:\/\/www.youtube.com\/watch?v=TXy_boOpGOI\" data-rel=\"lightbox-video-0\" target=\"_blank\" rel=\"noopener\">video<\/a><\/span><\/p>\r\n<p class=\"p4\"><span class=\"s1\"><b>Rui Lobo, Mauro Costa Couceiro,\u00a0<\/b>\u201cProjeto Santa Cruz: uma viagem no patrim\u00f3nio desaparecido\u201d, Curso Livre\u00a0O Patrim\u00f3nio e a Palavra,\u00a0Casa-Museu Elysio de Moura, Coimbra, 29.01.2020<\/span><\/p>\r\n<p class=\"p4\"><span class=\"s1\"><b>Rui Lobo, Mauro Costa Couceiro,\u00a0<\/b>\u201cSanta Cruz: reconstitui\u00e7\u00e3o digital 3D do Mosteiro de Santa Cruz de Coimbra em 1834\u201d, N\u00facleo CCARQ \u2013 Cidades, Culturas e Arquitetura, CES, 17.09.2019<\/span><\/p>\r\n<p class=\"p4\"><span class=\"s1\"><b>Alexandre Ramires,<\/b>\u00a0\u201cJ. Sartoris: um fot\u00f3grafo para o Museu\u201d, Org. Liga dos Amigos do MNMC, Museu Nacional de Machado de Castro, Coimbra, 30.06.2019.<\/span><\/p>\r\n<p class=\"p4\"><span class=\"s1\"><b>Rui Lobo<\/b>, \u201cA arquitetura dos col\u00e9gios franciscanos de Coimbra\u201d, Col\u00f3quio\u00a0Mem\u00f3rias franciscanas em Coimbra: O Col\u00e9gio de Santo Ant\u00f3nio da Pedreira,\u00a0Casa Museu Elysio de Moura, 19.06.2019.<\/span><\/p>\r\n","protected":false},"excerpt":{"rendered":"<p>COMUNICA\u00c7\u00d5ES Comunica\u00e7\u00f5es em congressos internacionais e nacionais realizadas por elementos da equipa no \u00e2mbito do projeto: &nbsp; Rui Lobo, Mauro [&hellip;]<\/p>\n","protected":false},"author":1,"featured_media":0,"parent":0,"menu_order":0,"comment_status":"closed","ping_status":"closed","template":"page-templates\/template_fullwidth.php","meta":{"footnotes":""},"_links":{"self":[{"href":"https:\/\/santacruz.ces.uc.pt\/index.php?rest_route=\/wp\/v2\/pages\/523"}],"collection":[{"href":"https:\/\/santacruz.ces.uc.pt\/index.php?rest_route=\/wp\/v2\/pages"}],"about":[{"href":"https:\/\/santacruz.ces.uc.pt\/index.php?rest_route=\/wp\/v2\/types\/page"}],"author":[{"embeddable":true,"href":"https:\/\/santacruz.ces.uc.pt\/index.php?rest_route=\/wp\/v2\/users\/1"}],"replies":[{"embeddable":true,"href":"https:\/\/santacruz.ces.uc.pt\/index.php?rest_route=%2Fwp%2Fv2%2Fcomments&post=523"}],"version-history":[{"count":12,"href":"https:\/\/santacruz.ces.uc.pt\/index.php?rest_route=\/wp\/v2\/pages\/523\/revisions"}],"predecessor-version":[{"id":1462,"href":"https:\/\/santacruz.ces.uc.pt\/index.php?rest_route=\/wp\/v2\/pages\/523\/revisions\/1462"}],"wp:attachment":[{"href":"https:\/\/santacruz.ces.uc.pt\/index.php?rest_route=%2Fwp%2Fv2%2Fmedia&parent=523"}],"curies":[{"name":"wp","href":"https:\/\/api.w.org\/{rel}","templated":true}]}}