{"id":1142,"date":"2020-02-19T14:36:18","date_gmt":"2020-02-19T14:36:18","guid":{"rendered":"https:\/\/santacruz.ces.uc.pt\/?page_id=1142"},"modified":"2020-02-20T09:25:28","modified_gmt":"2020-02-20T09:25:28","slug":"galeria-exposicao-artistica-mixed-reality","status":"publish","type":"page","link":"https:\/\/santacruz.ces.uc.pt\/?page_id=1142","title":{"rendered":"Exposi\u00e7\u00e3o Art\u00edstica Mixed Reality"},"content":{"rendered":"<div class=\"rl-gallery-container rl-loading\" id=\"rl-gallery-container-1\" data-gallery_id=\"1233\"> <div class=\"rl-gallery rl-basicmasonry-gallery \" id=\"rl-gallery-1\" data-gallery_no=\"1\"> <div class=\"rl-gutter-sizer\"><\/div><div class=\"rl-grid-sizer\"><\/div> <div class=\"rl-gallery-item rl-gallery-item-width-4\" > <div class=\"rl-gallery-item-content\"> <a href=\"https:\/\/santacruz.ces.uc.pt\/wp-content\/uploads\/2020\/02\/EICD-01.png\" title=\"\" data-rl_title=\"\" class=\"rl-gallery-link\" data-rl_caption=\"\" data-rel=\"lightbox-gallery-1\"><img fetchpriority=\"high\" decoding=\"async\" src=\"https:\/\/santacruz.ces.uc.pt\/wp-content\/uploads\/2020\/02\/EICD-01.png\" width=\"768\" height=\"576\" alt=\"\"\/><\/a> <\/div> <\/div> <div class=\"rl-gallery-item\" > <div class=\"rl-gallery-item-content\"> <a href=\"https:\/\/santacruz.ces.uc.pt\/wp-content\/uploads\/2020\/02\/EICD-02.jpg\" title=\"\" data-rl_title=\"\" class=\"rl-gallery-link\" data-rl_caption=\"\" data-rel=\"lightbox-gallery-1\"><img decoding=\"async\" src=\"https:\/\/santacruz.ces.uc.pt\/wp-content\/uploads\/2020\/02\/EICD-02.jpg\" width=\"768\" height=\"575\" alt=\"\"\/><\/a> <\/div> <\/div> <div class=\"rl-gallery-item\" > <div class=\"rl-gallery-item-content\"> <a href=\"https:\/\/santacruz.ces.uc.pt\/wp-content\/uploads\/2020\/02\/EICD-03.png\" title=\"\" data-rl_title=\"\" class=\"rl-gallery-link\" data-rl_caption=\"\" data-rel=\"lightbox-gallery-1\"><img decoding=\"async\" src=\"https:\/\/santacruz.ces.uc.pt\/wp-content\/uploads\/2020\/02\/EICD-03.png\" width=\"768\" height=\"576\" alt=\"\"\/><\/a> <\/div> <\/div> <div class=\"rl-gallery-item\" > <div class=\"rl-gallery-item-content\"> <a href=\"https:\/\/santacruz.ces.uc.pt\/wp-content\/uploads\/2020\/02\/EICD-04.png\" title=\"\" data-rl_title=\"\" class=\"rl-gallery-link\" data-rl_caption=\"\" data-rel=\"lightbox-gallery-1\"><img loading=\"lazy\" decoding=\"async\" src=\"https:\/\/santacruz.ces.uc.pt\/wp-content\/uploads\/2020\/02\/EICD-04.png\" width=\"720\" height=\"960\" alt=\"\"\/><\/a> <\/div> <\/div> <div class=\"rl-gallery-item\" > <div class=\"rl-gallery-item-content\"> <a href=\"https:\/\/santacruz.ces.uc.pt\/wp-content\/uploads\/2020\/02\/EICD-05.jpg\" title=\"\" data-rl_title=\"\" class=\"rl-gallery-link\" data-rl_caption=\"\" data-rel=\"lightbox-gallery-1\"><img loading=\"lazy\" decoding=\"async\" src=\"https:\/\/santacruz.ces.uc.pt\/wp-content\/uploads\/2020\/02\/EICD-05.jpg\" width=\"720\" height=\"960\" alt=\"\"\/><\/a> <\/div> <\/div> <div class=\"rl-gallery-item\" > <div class=\"rl-gallery-item-content\"> <a href=\"https:\/\/santacruz.ces.uc.pt\/wp-content\/uploads\/2020\/02\/EICD-06.png\" title=\"\" data-rl_title=\"\" class=\"rl-gallery-link\" data-rl_caption=\"\" data-rel=\"lightbox-gallery-1\"><img loading=\"lazy\" decoding=\"async\" src=\"https:\/\/santacruz.ces.uc.pt\/wp-content\/uploads\/2020\/02\/EICD-06.png\" width=\"720\" height=\"960\" alt=\"\"\/><\/a> <\/div> <\/div> <div class=\"rl-gallery-item\" > <div class=\"rl-gallery-item-content\"> <a href=\"https:\/\/santacruz.ces.uc.pt\/wp-content\/uploads\/2020\/02\/EICD-07.png\" title=\"\" data-rl_title=\"\" class=\"rl-gallery-link\" data-rl_caption=\"\" data-rel=\"lightbox-gallery-1\"><img loading=\"lazy\" decoding=\"async\" src=\"https:\/\/santacruz.ces.uc.pt\/wp-content\/uploads\/2020\/02\/EICD-07.png\" width=\"768\" height=\"432\" alt=\"\"\/><\/a> <\/div> <\/div> <div class=\"rl-gallery-item\" > <div class=\"rl-gallery-item-content\"> <a href=\"https:\/\/santacruz.ces.uc.pt\/wp-content\/uploads\/2020\/02\/EICD-08.jpg\" title=\"\" data-rl_title=\"\" class=\"rl-gallery-link\" data-rl_caption=\"\" data-rel=\"lightbox-gallery-1\"><img loading=\"lazy\" decoding=\"async\" src=\"https:\/\/santacruz.ces.uc.pt\/wp-content\/uploads\/2020\/02\/EICD-08.jpg\" width=\"768\" height=\"432\" alt=\"\"\/><\/a> <\/div> <\/div> <div class=\"rl-gallery-item\" > <div class=\"rl-gallery-item-content\"> <a href=\"https:\/\/santacruz.ces.uc.pt\/wp-content\/uploads\/2020\/02\/EICD-09.jpg\" title=\"\" data-rl_title=\"\" class=\"rl-gallery-link\" data-rl_caption=\"\" data-rel=\"lightbox-gallery-1\"><img loading=\"lazy\" decoding=\"async\" src=\"https:\/\/santacruz.ces.uc.pt\/wp-content\/uploads\/2020\/02\/EICD-09.jpg\" width=\"768\" height=\"432\" alt=\"\"\/><\/a> <\/div> <\/div> <div class=\"rl-gallery-item\" > <div class=\"rl-gallery-item-content\"> <a href=\"https:\/\/santacruz.ces.uc.pt\/wp-content\/uploads\/2020\/02\/EICD-10.png\" title=\"\" data-rl_title=\"\" class=\"rl-gallery-link\" data-rl_caption=\"\" data-rel=\"lightbox-gallery-1\"><img loading=\"lazy\" decoding=\"async\" src=\"https:\/\/santacruz.ces.uc.pt\/wp-content\/uploads\/2020\/02\/EICD-10.png\" width=\"768\" height=\"432\" alt=\"\"\/><\/a> <\/div> <\/div> <\/div> <\/div>\n","protected":false},"excerpt":{"rendered":"","protected":false},"author":1,"featured_media":0,"parent":0,"menu_order":0,"comment_status":"closed","ping_status":"closed","template":"page-templates\/template_fullwidth.php","meta":{"footnotes":""},"_links":{"self":[{"href":"https:\/\/santacruz.ces.uc.pt\/index.php?rest_route=\/wp\/v2\/pages\/1142"}],"collection":[{"href":"https:\/\/santacruz.ces.uc.pt\/index.php?rest_route=\/wp\/v2\/pages"}],"about":[{"href":"https:\/\/santacruz.ces.uc.pt\/index.php?rest_route=\/wp\/v2\/types\/page"}],"author":[{"embeddable":true,"href":"https:\/\/santacruz.ces.uc.pt\/index.php?rest_route=\/wp\/v2\/users\/1"}],"replies":[{"embeddable":true,"href":"https:\/\/santacruz.ces.uc.pt\/index.php?rest_route=%2Fwp%2Fv2%2Fcomments&post=1142"}],"version-history":[{"count":3,"href":"https:\/\/santacruz.ces.uc.pt\/index.php?rest_route=\/wp\/v2\/pages\/1142\/revisions"}],"predecessor-version":[{"id":1244,"href":"https:\/\/santacruz.ces.uc.pt\/index.php?rest_route=\/wp\/v2\/pages\/1142\/revisions\/1244"}],"wp:attachment":[{"href":"https:\/\/santacruz.ces.uc.pt\/index.php?rest_route=%2Fwp%2Fv2%2Fmedia&parent=1142"}],"curies":[{"name":"wp","href":"https:\/\/api.w.org\/{rel}","templated":true}]}}